{"id":2418,"date":"2022-09-29T17:19:32","date_gmt":"2022-09-29T17:19:32","guid":{"rendered":"http:\/\/transparencia.bcs.gob.mx\/ejecutivo\/?page_id=2418"},"modified":"2022-10-19T15:38:44","modified_gmt":"2022-10-19T15:38:44","slug":"articulo-76","status":"publish","type":"page","link":"https:\/\/transparencia.bcs.gob.mx\/ejecutivo\/articulo-76\/","title":{"rendered":"Informaci\u00f3n P\u00fablica Obligatoria art\u00edculo 76"},"content":{"rendered":"<p><img loading=\"lazy\" decoding=\"async\" width=\"801\" height=\"103\" class=\"alignnone size-medium wp-image-2429\" src=\"http:\/\/transparencia.bcs.gob.mx\/ejecutivo\/files\/2022\/10\/logo_obli_especi2.jpg\" alt=\"\" srcset=\"https:\/\/transparencia.bcs.gob.mx\/ejecutivo\/files\/2022\/10\/logo_obli_especi2.jpg 801w, https:\/\/transparencia.bcs.gob.mx\/ejecutivo\/files\/2022\/10\/logo_obli_especi2-300x39.jpg 300w, https:\/\/transparencia.bcs.gob.mx\/ejecutivo\/files\/2022\/10\/logo_obli_especi2-768x99.jpg 768w\" sizes=\"(max-width: 801px) 100vw, 801px\" \/><\/p>\n<p>&nbsp;<\/p>\n<div class=\"row\">\n<div class=\"col-md-6\">\n<div class=\"panel\">\n<p><img decoding=\"async\" class=\"alignnone size-full wp-image-1125\" src=\"\/wp-content\/uploads\/2022\/09\/prog_plan_desa.jpg\" alt=\"\" \/><\/p>\n<h4>PROGRAMAS DEL PLAN ESTATAL DE DESARROLLO 2021-2027<\/h4>\n<p class=\"p1\">36 programas derivan del Plan Estatal de Desarrollo 2021-2027, de los cuales 12 son sectoriales y 24 estatales que reflejan con mayor precisi\u00f3n y detalle de las pol\u00edticas p\u00fablicas a implementar para dar atenci\u00f3n a los objetivos, estrategias, l\u00edneas de acci\u00f3n, metas e indicadores considerados en los 5 ejes generales y 5 ejes transversales del Plan Estatal. Programas que son obligatorios y de responsabilidad de las dependencias estatales de acuerdo al sector de la actividad econ\u00f3mico, pol\u00edtica y cultural que le corresponda. Estos programas est\u00e1n alineados al Plan Nacional de Desarrollo 2019-2024 y con los Objetivos Sostenibles de la Agenda 2030. Una vez publicados, el Plan y los programas ser\u00e1n obligatorios para las Dependencias de la Administraci\u00f3n P\u00fablica Estatal y ser\u00e1n revisados con la periodicidad que determinen las disposiciones reglamentarias.<\/p>\n<p><a class=\"btn btn-success\" href=\"https:\/\/drive.google.com\/drive\/folders\/1dl_h5azA4C_tcT8RwF9vNnVuKFbjNwwK\" target=\"_blank\" rel=\"noopener noreferrer\">Descargar Programas PED 2021 \u2013 2027<\/a><\/p>\n<\/div>\n<\/div>\n<div class=\"col-md-6\">\n<div class=\"panel\">\n<p><img decoding=\"async\" class=\"alignnone size-full wp-image-1125\" src=\"\/wp-content\/uploads\/2022\/09\/plan_estatal_desarollo_proactiva.jpg\" alt=\"\" \/><\/p>\n<h4>PLAN ESTATAL DE DESARROLLO 2021-2027<\/h4>\n<p class=\"p1\">La integraci\u00f3n de este documento rector se desarroll\u00f3 con un trabajo plural e incluyente con la participaci\u00f3n de la sociedad civil organizada en corresponsabilidad con las instituciones de la administraci\u00f3n estatal, donde se consideran temas no previstos con anterioridad en otros planes. Documento que consta de 5 ejes generales y 5 ejes transversales que manifiestan la oportunidad de construir un estado seguro y pr\u00f3spero, socialmente m\u00e1s equilibrado y justo.<\/p>\n<p><a class=\"btn btn-success\" href=\"https:\/\/drive.google.com\/drive\/folders\/1dl_h5azA4C_tcT8RwF9vNnVuKFbjNwwK\" target=\"_blank\" rel=\"noopener noreferrer\">Descargar PED 2021 \u2013 2027<\/a><\/p>\n<\/div>\n<\/div>\n<\/div>\n","protected":false},"excerpt":{"rendered":"<p>&nbsp; PROGRAMAS DEL PLAN ESTATAL DE DESARROLLO 2021-2027 36 programas derivan del Plan Estatal de Desarrollo 2021-2027, de los cuales 12 son sectoriales y 24 estatales que reflejan con mayor precisi\u00f3n y detalle de las pol\u00edticas p\u00fablicas a implementar para dar atenci\u00f3n a los objetivos, estrategias, l\u00edneas de acci\u00f3n, metas e indicadores considerados en los [&hellip;]<\/p>\n","protected":false},"author":1,"featured_media":0,"parent":0,"menu_order":0,"comment_status":"closed","ping_status":"closed","template":"","meta":{"footnotes":""},"_links":{"self":[{"href":"https:\/\/transparencia.bcs.gob.mx\/ejecutivo\/wp-json\/wp\/v2\/pages\/2418"}],"collection":[{"href":"https:\/\/transparencia.bcs.gob.mx\/ejecutivo\/wp-json\/wp\/v2\/pages"}],"about":[{"href":"https:\/\/transparencia.bcs.gob.mx\/ejecutivo\/wp-json\/wp\/v2\/types\/page"}],"author":[{"embeddable":true,"href":"https:\/\/transparencia.bcs.gob.mx\/ejecutivo\/wp-json\/wp\/v2\/users\/1"}],"replies":[{"embeddable":true,"href":"https:\/\/transparencia.bcs.gob.mx\/ejecutivo\/wp-json\/wp\/v2\/comments?post=2418"}],"version-history":[{"count":26,"href":"https:\/\/transparencia.bcs.gob.mx\/ejecutivo\/wp-json\/wp\/v2\/pages\/2418\/revisions"}],"predecessor-version":[{"id":2427,"href":"https:\/\/transparencia.bcs.gob.mx\/ejecutivo\/wp-json\/wp\/v2\/pages\/2418\/revisions\/2427"}],"wp:attachment":[{"href":"https:\/\/transparencia.bcs.gob.mx\/ejecutivo\/wp-json\/wp\/v2\/media?parent=2418"}],"curies":[{"name":"wp","href":"https:\/\/api.w.org\/{rel}","templated":true}]}}